{"id":734,"date":"2023-09-24T09:15:43","date_gmt":"2023-09-24T09:15:43","guid":{"rendered":"https:\/\/themedox.com\/mactonal\/?page_id=734"},"modified":"2025-04-01T17:21:59","modified_gmt":"2025-04-01T15:21:59","slug":"service-details","status":"publish","type":"page","link":"https:\/\/www.wikotech.pl\/?page_id=734","title":{"rendered":"Serwis"},"content":{"rendered":"\t\t<div data-elementor-type=\"wp-page\" data-elementor-id=\"734\" class=\"elementor elementor-734\">\n\t\t\t\t<div class=\"elementor-element elementor-element-d490fe8 e-flex e-con-boxed e-con e-parent\" data-id=\"d490fe8\" data-element_type=\"container\">\n\t\t\t\t\t<div class=\"e-con-inner\">\n\t\t<div class=\"elementor-element elementor-element-4ace8fc e-con-full e-flex e-con e-child\" data-id=\"4ace8fc\" data-element_type=\"container\">\n\t\t\t\t<div class=\"elementor-element elementor-element-72bd06b elementor-widget elementor-widget-image\" data-id=\"72bd06b\" data-element_type=\"widget\" data-widget_type=\"image.default\">\n\t\t\t\t<div class=\"elementor-widget-container\">\n\t\t\t\t\t\t\t\t\t\t\t\t\t\t\t<img fetchpriority=\"high\" decoding=\"async\" width=\"2560\" height=\"1151\" src=\"https:\/\/www.wikotech.pl\/wp-content\/uploads\/2024\/06\/1717155771482-scaled.jpg\" class=\"attachment-full size-full wp-image-1282\" alt=\"\" srcset=\"https:\/\/www.wikotech.pl\/wp-content\/uploads\/2024\/06\/1717155771482-scaled.jpg 2560w, https:\/\/www.wikotech.pl\/wp-content\/uploads\/2024\/06\/1717155771482-300x135.jpg 300w, https:\/\/www.wikotech.pl\/wp-content\/uploads\/2024\/06\/1717155771482-1024x460.jpg 1024w, https:\/\/www.wikotech.pl\/wp-content\/uploads\/2024\/06\/1717155771482-768x345.jpg 768w, https:\/\/www.wikotech.pl\/wp-content\/uploads\/2024\/06\/1717155771482-1536x691.jpg 1536w, https:\/\/www.wikotech.pl\/wp-content\/uploads\/2024\/06\/1717155771482-2048x921.jpg 2048w\" sizes=\"(max-width: 2560px) 100vw, 2560px\" \/>\t\t\t\t\t\t\t\t\t\t\t\t\t\t\t<\/div>\n\t\t\t\t<\/div>\n\t\t\t\t<div class=\"elementor-element elementor-element-74159fd elementor-widget elementor-widget-heading\" data-id=\"74159fd\" data-element_type=\"widget\" data-widget_type=\"heading.default\">\n\t\t\t\t<div class=\"elementor-widget-container\">\n\t\t\t\t\t<h2 class=\"elementor-heading-title elementor-size-default\">Profesjonalne us\u0142ugi serwisowe<\/h2>\t\t\t\t<\/div>\n\t\t\t\t<\/div>\n\t\t\t\t<div class=\"elementor-element elementor-element-37544a1 elementor-widget elementor-widget-text-editor\" data-id=\"37544a1\" data-element_type=\"widget\" data-widget_type=\"text-editor.default\">\n\t\t\t\t<div class=\"elementor-widget-container\">\n\t\t\t\t\t\t\t\t\t<p><strong>Serwis kot\u0142owni wysokotemperaturowych, parowych i wytwornic pary.<\/strong><\/p><p>Kot\u0142y wysokotemperaturowe i parowe maj\u0105 zastosowanie g\u0142\u00f3wnie w przemy\u015ble gdzie do proces\u00f3w technologicznych wymagana jest wysoka temperatura. Bezawaryjno\u015b\u0107 tych urz\u0105dze\u0144 jest kluczowa dla ci\u0105g\u0142o\u015bci produkcji, co jest niezb\u0119dne w procesach technologicznych.<br \/>Regularna konserwacja pozwala na zminimalizowanie prawdopodobie\u0144stwa powstania awarii oraz podnosi sprawno\u015b\u0107 urz\u0105dze\u0144 ograniczaj\u0105c koszty eksploatacji.<br \/>Nasza firma specjalizuje si\u0119 naprawach i konserwacji kot\u0142\u00f3w parowych i wysokotemperaturowych oraz wsp\u00f3\u0142pracuj\u0105cych z nimi palnikami r\u00f3\u017cnych producent\u00f3w. Posiadamy r\u00f3wnie\u017c bogate do\u015bwiadczenie w obs\u0142udze automatyki oraz urz\u0105dze\u0144 wsp\u00f3\u0142pracuj\u0105cych.<\/p>\t\t\t\t\t\t\t\t<\/div>\n\t\t\t\t<\/div>\n\t\t\t\t<div class=\"elementor-element elementor-element-1b81ae2 elementor-widget elementor-widget-text-editor\" data-id=\"1b81ae2\" data-element_type=\"widget\" data-widget_type=\"text-editor.default\">\n\t\t\t\t<div class=\"elementor-widget-container\">\n\t\t\t\t\t\t\t\t\t<p><strong>Serwis urz\u0105dze\u0144 wentylacyjnych i klimatyzacyjnych i pomp ciep\u0142a.<\/strong><\/p><p><br \/>Wikotech oferuje us\u0142ugi w zakresie kompleksowej obs\u0142ugi urz\u0105dze\u0144 klimatyzacyjnych, pomp ciep\u0142a oraz central wentylacyjnych w zakresie czyszczenia, konserwacji, regulacji i optymalizacji nastaw celem uzyskania najefektywniejszych parametr\u00f3w pracy<\/p>\t\t\t\t\t\t\t\t<\/div>\n\t\t\t\t<\/div>\n\t\t\t\t<div class=\"elementor-element elementor-element-7e58f94 elementor-widget elementor-widget-heading\" data-id=\"7e58f94\" data-element_type=\"widget\" data-widget_type=\"heading.default\">\n\t\t\t\t<div class=\"elementor-widget-container\">\n\t\t\t\t\t<h2 class=\"elementor-heading-title elementor-size-default\">Bezpiecze\u0144stwo i jako\u015b\u0107<\/h2>\t\t\t\t<\/div>\n\t\t\t\t<\/div>\n\t\t\t\t<div class=\"elementor-element elementor-element-42958fa elementor-widget elementor-widget-text-editor\" data-id=\"42958fa\" data-element_type=\"widget\" data-widget_type=\"text-editor.default\">\n\t\t\t\t<div class=\"elementor-widget-container\">\n\t\t\t\t\t\t\t\t\t<p>Nasze priorytety to bezpiecze\u0144stwo oraz minimalizacja awaryjno\u015bci. W przypadku wyst\u0105pienia awarii, dzia\u0142amy sprawnie i skutecznie, aby przywr\u00f3ci\u0107 pe\u0142n\u0105 funkcjonalno\u015b\u0107 urz\u0105dze\u0144. Dzi\u0119ki nam mo\u017cesz by\u0107 pewny, \u017ce Twoje instalacje s\u0105 w dobrych r\u0119kach!<\/p>\t\t\t\t\t\t\t\t<\/div>\n\t\t\t\t<\/div>\n\t\t\t\t<div class=\"elementor-element elementor-element-df86ae0 elementor-widget elementor-widget-theme-services-seven\" data-id=\"df86ae0\" data-element_type=\"widget\" data-widget_type=\"theme-services-seven.default\">\n\t\t\t\t<div class=\"elementor-widget-container\">\n\t\t\t\t\t\r\n        <div class=\"service-quality-wrap\">\r\n            \r\n        \r\n        <div class=\"sq-item-wrap\">\r\n            <div class=\"row\">\r\n\r\n                                <div class=\"col-md-6\">\r\n                    <div class=\"sq-item\">\r\n                        <div class=\"thumb\">\r\n                            <img decoding=\"async\" src=\"https:\/\/themedox.com\/mactonal\/wp-content\/uploads\/2023\/09\/services_details_img02.jpg\" alt=\"\">\r\n                        <\/div>\r\n                        <div class=\"content\">\r\n                            <h4 class=\"title\">Atrakcyjne ceny<\/h4>\r\n                            <p>Posiadamy wielu partner\u00f3w, dzi\u0119ki czemu materia\u0142y serwisowe s\u0105 w atrakcyjnych cenach<\/p>\r\n                        <\/div>\r\n                    <\/div>\r\n                <\/div>\r\n                                <div class=\"col-md-6\">\r\n                    <div class=\"sq-item\">\r\n                        <div class=\"thumb\">\r\n                            <img decoding=\"async\" src=\"https:\/\/themedox.com\/mactonal\/wp-content\/uploads\/2023\/09\/services_details_img03.jpg\" alt=\"\">\r\n                        <\/div>\r\n                        <div class=\"content\">\r\n                            <h4 class=\"title\">Dla ka\u017cdego<\/h4>\r\n                            <p>Nasze us\u0142ugi s\u0105 dost\u0119pne dla r\u00f3\u017cnych typ\u00f3w obiekt\u00f3w, w tym: Obiekty handlowe,\nBudynki wielkopowierzchniowe, Wsp\u00f3lnoty mieszkaniowe, Hotele i pensjonaty.<\/p>\r\n                        <\/div>\r\n                    <\/div>\r\n                <\/div>\r\n                  \r\n\r\n\r\n            <\/div>\r\n        <\/div>\r\n\r\n        <\/div>\r\n\r\n\r\n\r\n\t\t\t\t\t<\/div>\n\t\t\t\t<\/div>\n\t\t\t\t<div class=\"elementor-element elementor-element-cd52f54 elementor-widget elementor-widget-text-editor\" data-id=\"cd52f54\" data-element_type=\"widget\" data-widget_type=\"text-editor.default\">\n\t\t\t\t<div class=\"elementor-widget-container\">\n\t\t\t\t\t\t\t\t\t<p>Kot\u0142ownie wodne zasilane gazem lub olejem opa\u0142owym s\u0105 powszechnie stosowanymi urz\u0105dzeniami w Polsce. W urz\u0105dzeniach tych pracuj\u0105 palniki dopinane r\u00f3\u017cnych producent\u00f3w, kt\u00f3rych obs\u0142uga wymaga do\u015bwiadczenia i specjalistycznej wiedzy. Aby bezpiecznie i ekonomicznie u\u017cytkowa\u0107 kot\u0142ownie wodne z palnikami zewn\u0119trznymi nale\u017cy zapewni\u0107 im odpowiedni\u0105 opiek\u0119 serwisow\u0105 oraz sprawnie reagowa\u0107 na wypadek awarii. Nasza firma specjalizuje si\u0119 w obs\u0142udze technicznej palnik\u00f3w gazowych i olejowych oraz kot\u0142\u00f3w, zar\u00f3wno \u017celiwnych i stalowych starszej generacji, jak i nowoczesnych kot\u0142\u00f3w kondensacyjnych. Posiadamy wiedz\u0119, odpowiedni sprz\u0119t oraz do\u015bwiadczony personel, kt\u00f3ry obs\u0142uguje urz\u0105dzenia o \u015brednich i du\u017cych mocach.<\/p>\t\t\t\t\t\t\t\t<\/div>\n\t\t\t\t<\/div>\n\t\t\t\t<div class=\"elementor-element elementor-element-a8d2e89 elementor-widget elementor-widget-text-editor\" data-id=\"a8d2e89\" data-element_type=\"widget\" data-widget_type=\"text-editor.default\">\n\t\t\t\t<div class=\"elementor-widget-container\">\n\t\t\t\t\t\t\t\t\t<p>Dowiedz si\u0119 wi\u0119cej i powierz sw\u00f3j sprz\u0119t do\u015bwiadczonym fachowcom!<\/p>\t\t\t\t\t\t\t\t<\/div>\n\t\t\t\t<\/div>\n\t\t\t\t<\/div>\n\t\t<div class=\"elementor-element elementor-element-b66a1f1 e-con-full e-flex e-con e-child\" data-id=\"b66a1f1\" data-element_type=\"container\">\n\t\t\t\t<div class=\"elementor-element elementor-element-b101b3f elementor-widget elementor-widget-theme-serr-list\" data-id=\"b101b3f\" data-element_type=\"widget\" data-widget_type=\"theme-serr-list.default\">\n\t\t\t\t<div class=\"elementor-widget-container\">\n\t\t\t\t\t\r\n\r\n\t\t<div class=\"services-widget\">\r\n\t\t    <div class=\"services-cat-list\">\r\n\t\t        <ul class=\"list-wrap\">\r\n\r\n\t\t        \t\r\n\t\t            <li><a href=\"#\">Kot\u0142y wodne i parowe<\/a><\/li>\r\n\t\t            \r\n\t\t            \r\n\t\t            <li><a href=\"#\">Klimatyzacja<\/a><\/li>\r\n\t\t            \r\n\t\t            \r\n\t\t            <li><a href=\"#\">Wentylacja<\/a><\/li>\r\n\t\t            \r\n\t\t            \r\n\t\t            <li><a href=\"#\">Pompy ciep\u0142a<\/a><\/li>\r\n\t\t            \r\n\t\t            \r\n\t\t            <li><a href=\"#\">Systemy bezpiecze\u0144stwa<\/a><\/li>\r\n\t\t            \r\n\t\t            \r\n\t\t            <li><a href=\"#\">Automatyka<\/a><\/li>\r\n\t\t            \r\n\t\t             \r\n\r\n\t\t        <\/ul>\r\n\t\t    <\/div>\r\n\t\t<\/div>\r\n\r\n\r\n\r\n\t\t\t\t\t<\/div>\n\t\t\t\t<\/div>\n\t\t\t\t<div class=\"elementor-element elementor-element-1da3336 elementor-widget elementor-widget-html\" data-id=\"1da3336\" data-element_type=\"widget\" data-widget_type=\"html.default\">\n\t\t\t\t<div class=\"elementor-widget-container\">\n\t\t\t\t\t<aside class=\"services-sidebar\"><div class=\"services-widget\">\n                                    <div class=\"services-contact\" data-background=\"https:\/\/themedox.com\/mactonal\/wp-content\/uploads\/2023\/09\/services_contact_bg.jpg\">\n                                        <span>Jeste\u015b zainteresowany?<\/span>\n                                        <h2 class=\"title\">Masz Pytania? Skontaktuj si\u0119 z Nami!<\/h2>\n                                        <a href=\"https:\/\/www.wikotech.pl\/?page_id=513\" class=\"btn\">Napisz Wiadomo\u015b\u0107<\/a>\n                                    <\/div>\n                                <\/div><\/aside>\t\t\t\t<\/div>\n\t\t\t\t<\/div>\n\t\t\t\t<\/div>\n\t\t\t\t\t<\/div>\n\t\t\t\t<\/div>\n\t\t\t\t<\/div>\n\t\t","protected":false},"excerpt":{"rendered":"<p>Profesjonalne us\u0142ugi serwisowe Serwis kot\u0142owni wysokotemperaturowych, parowych i wytwornic pary. Kot\u0142y wysokotemperaturowe i parowe maj\u0105 zastosowanie g\u0142\u00f3wnie w przemy\u015ble gdzie do proces\u00f3w technologicznych wymagana jest wysoka temperatura. Bezawaryjno\u015b\u0107 tych urz\u0105dze\u0144 jest kluczowa dla ci\u0105g\u0142o\u015bci produkcji, co jest niezb\u0119dne w procesach technologicznych.Regularna konserwacja pozwala na zminimalizowanie prawdopodobie\u0144stwa powstania awarii oraz podnosi sprawno\u015b\u0107 urz\u0105dze\u0144 ograniczaj\u0105c koszty eksploatacji.Nasza [&hellip;]<\/p>\n","protected":false},"author":3,"featured_media":0,"parent":0,"menu_order":0,"comment_status":"closed","ping_status":"closed","template":"","meta":{"_monsterinsights_skip_tracking":false,"_monsterinsights_sitenote_active":false,"_monsterinsights_sitenote_note":"","_monsterinsights_sitenote_category":0,"footnotes":""},"class_list":["post-734","page","type-page","status-publish","hentry"],"aioseo_notices":[],"_links":{"self":[{"href":"https:\/\/www.wikotech.pl\/index.php?rest_route=\/wp\/v2\/pages\/734","targetHints":{"allow":["GET"]}}],"collection":[{"href":"https:\/\/www.wikotech.pl\/index.php?rest_route=\/wp\/v2\/pages"}],"about":[{"href":"https:\/\/www.wikotech.pl\/index.php?rest_route=\/wp\/v2\/types\/page"}],"author":[{"embeddable":true,"href":"https:\/\/www.wikotech.pl\/index.php?rest_route=\/wp\/v2\/users\/3"}],"replies":[{"embeddable":true,"href":"https:\/\/www.wikotech.pl\/index.php?rest_route=%2Fwp%2Fv2%2Fcomments&post=734"}],"version-history":[{"count":17,"href":"https:\/\/www.wikotech.pl\/index.php?rest_route=\/wp\/v2\/pages\/734\/revisions"}],"predecessor-version":[{"id":1337,"href":"https:\/\/www.wikotech.pl\/index.php?rest_route=\/wp\/v2\/pages\/734\/revisions\/1337"}],"wp:attachment":[{"href":"https:\/\/www.wikotech.pl\/index.php?rest_route=%2Fwp%2Fv2%2Fmedia&parent=734"}],"curies":[{"name":"wp","href":"https:\/\/api.w.org\/{rel}","templated":true}]}}