{"id":691,"date":"2023-09-24T08:17:41","date_gmt":"2023-09-24T08:17:41","guid":{"rendered":"https:\/\/themedox.com\/mactonal\/?page_id=691"},"modified":"2024-06-01T15:17:34","modified_gmt":"2024-06-01T13:17:34","slug":"blog-two","status":"publish","type":"page","link":"https:\/\/www.wikotech.pl\/?page_id=691","title":{"rendered":"Newsy"},"content":{"rendered":"\t\t<div data-elementor-type=\"wp-page\" data-elementor-id=\"691\" class=\"elementor elementor-691\">\n\t\t\t\t<div class=\"elementor-element elementor-element-f7cc654 e-con-full e-flex e-con e-parent\" data-id=\"f7cc654\" data-element_type=\"container\">\n\t\t\t\t<div class=\"elementor-element elementor-element-8d4d70f elementor-widget elementor-widget-posts-home-blog-grid\" data-id=\"8d4d70f\" data-element_type=\"widget\" data-widget_type=\"posts-home-blog-grid.default\">\n\t\t\t\t<div class=\"elementor-widget-container\">\n\t\t\t\t\t\t\t\n\t\n\n\t\t\n\n        <!--News One Start -->\n\n            <section class=\"blog-post-area pt-120 pb-90 theme-blog-one-wrapper\" data-animation=\"animationContainer\">\n                <div class=\"container\">\n\n                \t \n                    <div class=\"row justify-content-center\">\n                        <div class=\"col-lg-6\">\n                            <div class=\"section-title title-style-two text-center mb-60\">\n                                <span class=\"sub-title\">K\u0105cik informacyjny<\/span>\n                                <h2 class=\"title\" data-splitting=\"chars\" data-animation=\"innerAnimated\">Artyku\u0142y i wiadomo\u015bci z firmy Wikotech<\/h2>\n                            <\/div>\n                        <\/div>\n                    <\/div>\n                    \n\n                    <div class=\"row justify-content-center\">\n\n\n\t\t\t\t\n\t\t        <!--News One Single Start-->\n\t\t        <div class=\"col-lg-3 col-md-6\">\n                    <div class=\"blog-post-item-two\">\n                        <div class=\"blog-post-thumb\">\n\n                            <a href=\"https:\/\/www.wikotech.pl\/?p=1035\">\n                            \t<img decoding=\"async\" src=\"https:\/\/www.wikotech.pl\/wp-content\/uploads\/2023\/09\/buderus.jpg\" alt=\"\">\n                            <\/a>\n\n                             \n   \n\t \n\n\t\n\t<a class=\"news-cat_Name tag\" href=\"https:\/\/www.wikotech.pl\/?cat=7\" style=\"background-color:#0073ff1a; color:#0073FF\">\n\t\t<i class=\"fas fa-tag\"><\/i>Kot\u0142ownie\t<\/a>\n   \n\t\n\n                        <\/div>\n                        <div class=\"blog-post-content\">\n                            <div class=\"blog-meta\">\n                                <ul class=\"list-wrap\">\n                                    <li><i class=\"fas fa-calendar-alt\"><\/i>wrz 24, 2023<\/li>\n                                    <li><i class=\"far fa-user\"><\/i>Damian<\/li>\n                                <\/ul>\n                            <\/div>\n                            <h3 class=\"title\"><a href=\"https:\/\/www.wikotech.pl\/?p=1035\">Modernizacja Kot\u0142owni Gazowej w Gliwicach<\/a><\/h3>\n                        <\/div>\n                    <\/div>\n                <\/div>\n                <!--News One Single End-->\n\n\t\t\t\t\n\n                <\/div>\n\n            <\/div>\n        <\/section>\n        <!--News One End -->\n\t\t\n\t\t\t\t\n\t\t\n\t\n\t\t\t\t\t<\/div>\n\t\t\t\t<\/div>\n\t\t\t\t<\/div>\n\t\t\t\t<\/div>\n\t\t","protected":false},"excerpt":{"rendered":"<p>K\u0105cik informacyjny Artyku\u0142y i wiadomo\u015bci z firmy Wikotech Bez kategorii maj 15, 2024 WikoAdmin Witaj, \u015bwiecie! Build Solutions wrz 24, 2023 Damian Szylaj Prices could hit off the charts spike says strategist Auto Solutions wrz 24, 2023 Damian Szylaj Construction industries of the inspiration works. Building Management wrz 24, 2023 Damian Szylaj Prices could hit [&hellip;]<\/p>\n","protected":false},"author":3,"featured_media":0,"parent":0,"menu_order":0,"comment_status":"closed","ping_status":"closed","template":"","meta":{"_monsterinsights_skip_tracking":false,"_monsterinsights_sitenote_active":false,"_monsterinsights_sitenote_note":"","_monsterinsights_sitenote_category":0,"footnotes":""},"class_list":["post-691","page","type-page","status-publish","hentry"],"aioseo_notices":[],"_links":{"self":[{"href":"https:\/\/www.wikotech.pl\/index.php?rest_route=\/wp\/v2\/pages\/691","targetHints":{"allow":["GET"]}}],"collection":[{"href":"https:\/\/www.wikotech.pl\/index.php?rest_route=\/wp\/v2\/pages"}],"about":[{"href":"https:\/\/www.wikotech.pl\/index.php?rest_route=\/wp\/v2\/types\/page"}],"author":[{"embeddable":true,"href":"https:\/\/www.wikotech.pl\/index.php?rest_route=\/wp\/v2\/users\/3"}],"replies":[{"embeddable":true,"href":"https:\/\/www.wikotech.pl\/index.php?rest_route=%2Fwp%2Fv2%2Fcomments&post=691"}],"version-history":[{"count":5,"href":"https:\/\/www.wikotech.pl\/index.php?rest_route=\/wp\/v2\/pages\/691\/revisions"}],"predecessor-version":[{"id":1281,"href":"https:\/\/www.wikotech.pl\/index.php?rest_route=\/wp\/v2\/pages\/691\/revisions\/1281"}],"wp:attachment":[{"href":"https:\/\/www.wikotech.pl\/index.php?rest_route=%2Fwp%2Fv2%2Fmedia&parent=691"}],"curies":[{"name":"wp","href":"https:\/\/api.w.org\/{rel}","templated":true}]}}