{"id":513,"date":"2023-09-23T17:33:30","date_gmt":"2023-09-23T17:33:30","guid":{"rendered":"https:\/\/themedox.com\/mactonal\/?page_id=513"},"modified":"2024-05-31T13:27:52","modified_gmt":"2024-05-31T11:27:52","slug":"contact-us","status":"publish","type":"page","link":"https:\/\/www.wikotech.pl\/?page_id=513","title":{"rendered":"Kontakt"},"content":{"rendered":"\t\t<div data-elementor-type=\"wp-page\" data-elementor-id=\"513\" class=\"elementor elementor-513\">\n\t\t\t\t<div class=\"elementor-element elementor-element-0d3afeb e-con-full e-flex e-con e-parent\" data-id=\"0d3afeb\" data-element_type=\"container\">\n\t\t\t\t<div class=\"elementor-element elementor-element-4eaf110 elementor-widget elementor-widget-theme-cta-thre\" data-id=\"4eaf110\" data-element_type=\"widget\" data-widget_type=\"theme-cta-thre.default\">\n\t\t\t\t<div class=\"elementor-widget-container\">\n\t\t\t\t\t\r\n            <section class=\"contact-area pt-120\">\r\n                <div class=\"container\">\r\n\r\n    <div class=\"contact-info-wrap\">\r\n        <div class=\"row justify-content-center\">\r\n            <div class=\"col-lg-4 col-md-6\">\r\n                <div class=\"contact-info-item\">\r\n                    <div class=\"icon\">\r\n                        <i class=\"fas fa-mobile-alt\"><\/i>\r\n                    <\/div>\r\n                    <div class=\"content\">\r\n                        <h4 class=\"title\">Telefon<\/h4>\r\n                        <p><a href=\"tel:32 230 94 16\">32 230 94 16<\/a> <br> <a href=\"tel:\"><\/a><\/p>\r\n                    <\/div>\r\n                <\/div>\r\n            <\/div>\r\n            <div class=\"col-lg-4 col-md-6\">\r\n                <div class=\"contact-info-item\">\r\n                    <div class=\"icon\">\r\n                        <i class=\"fas fa-envelope-open-text\"><\/i>\r\n                    <\/div>\r\n                    <div class=\"content\">\r\n                        <h4 class=\"title\">Email<\/h4>\r\n                        <p><a href=\"mailto:biuro@wikotech.pl\">biuro@wikotech.pl<\/a> <br> <a href=\"mailto:\"><\/a><\/p>\r\n                    <\/div>\r\n                <\/div>\r\n            <\/div>\r\n            <div class=\"col-lg-4 col-md-6\">\r\n                <div class=\"contact-info-item\">\r\n                    <div class=\"icon\">\r\n                        <i class=\"fas fa-map-marker-alt\"><\/i>\r\n                    <\/div>\r\n                    <div class=\"content\">\r\n                        <h4 class=\"title\">Adres<\/h4>\r\n                        <p>u. Daszy\u0144skiego 630, 44-151 Gliwice, Polska<\/p>\r\n                    <\/div>\r\n                <\/div>\r\n            <\/div>\r\n        <\/div>\r\n    <\/div>\r\n\r\n<\/div>\r\n\r\n<\/section>\r\n\r\n\r\n\r\n\t\t\t\t\t<\/div>\n\t\t\t\t<\/div>\n\t\t\t\t<\/div>\n\t\t<div class=\"elementor-element elementor-element-d85e572 e-flex e-con-boxed e-con e-parent\" data-id=\"d85e572\" data-element_type=\"container\">\n\t\t\t\t\t<div class=\"e-con-inner\">\n\t\t<div class=\"elementor-element elementor-element-cf90e97 e-con-full e-flex e-con e-child\" data-id=\"cf90e97\" data-element_type=\"container\">\n\t\t\t\t<div class=\"elementor-element elementor-element-e8e9f18 elementor-widget elementor-widget-google_maps\" data-id=\"e8e9f18\" data-element_type=\"widget\" data-widget_type=\"google_maps.default\">\n\t\t\t\t<div class=\"elementor-widget-container\">\n\t\t\t\t\t\t\t<div class=\"elementor-custom-embed\">\n\t\t\t<iframe loading=\"lazy\"\n\t\t\t\t\tsrc=\"https:\/\/maps.google.com\/maps?q=Daszy%C5%84skiego%20630%2C%20Gliwice&#038;t=m&#038;z=10&#038;output=embed&#038;iwloc=near\"\n\t\t\t\t\ttitle=\"Daszy\u0144skiego 630, Gliwice\"\n\t\t\t\t\taria-label=\"Daszy\u0144skiego 630, Gliwice\"\n\t\t\t><\/iframe>\n\t\t<\/div>\n\t\t\t\t\t\t<\/div>\n\t\t\t\t<\/div>\n\t\t\t\t<\/div>\n\t\t<div class=\"elementor-element elementor-element-d7e93b8 e-con-full e-flex e-con e-child\" data-id=\"d7e93b8\" data-element_type=\"container\">\n\t\t\t\t<div class=\"elementor-element elementor-element-6f845f9 elementor-widget elementor-widget-shortcode\" data-id=\"6f845f9\" data-element_type=\"widget\" data-widget_type=\"shortcode.default\">\n\t\t\t\t<div class=\"elementor-widget-container\">\n\t\t\t\t\t\t\t<div class=\"elementor-shortcode\">\n<div class=\"wpcf7 no-js\" id=\"wpcf7-f521-o1\" lang=\"en-US\" dir=\"ltr\" data-wpcf7-id=\"521\">\n<div class=\"screen-reader-response\"><p role=\"status\" aria-live=\"polite\" aria-atomic=\"true\"><\/p> <ul><\/ul><\/div>\n<form action=\"\/index.php?rest_route=%2Fwp%2Fv2%2Fpages%2F513#wpcf7-f521-o1\" method=\"post\" class=\"wpcf7-form init\" aria-label=\"Contact form\" novalidate=\"novalidate\" data-status=\"init\">\n<fieldset class=\"hidden-fields-container\"><input type=\"hidden\" name=\"_wpcf7\" value=\"521\" \/><input type=\"hidden\" name=\"_wpcf7_version\" value=\"6.1.1\" \/><input type=\"hidden\" name=\"_wpcf7_locale\" value=\"en_US\" \/><input type=\"hidden\" name=\"_wpcf7_unit_tag\" value=\"wpcf7-f521-o1\" \/><input type=\"hidden\" name=\"_wpcf7_container_post\" value=\"0\" \/><input type=\"hidden\" name=\"_wpcf7_posted_data_hash\" value=\"\" \/>\n<\/fieldset>\n<div class=\"contact-form-wrap\">\n\t<h2 class=\"title\">Skontaktuj si\u0119 z Nami\n\t<\/h2>\n\t<div class=\"row\">\n\t\t<div class=\"col-md-6\">\n\t\t\t<div class=\"form-grp\">\n\t\t\t\t<p><span class=\"wpcf7-form-control-wrap\" data-name=\"text-482\"><input size=\"40\" maxlength=\"400\" class=\"wpcf7-form-control wpcf7-text wpcf7-validates-as-required fname\" aria-required=\"true\" aria-invalid=\"false\" placeholder=\"Twoje imi\u0119\" value=\"\" type=\"text\" name=\"text-482\" \/><\/span>\n\t\t\t\t<\/p>\n\t\t\t<\/div>\n\t\t<\/div>\n\t\t<div class=\"col-md-6\">\n\t\t\t<div class=\"form-grp\">\n\t\t\t\t<p><span class=\"wpcf7-form-control-wrap\" data-name=\"email-419\"><input size=\"40\" maxlength=\"400\" class=\"wpcf7-form-control wpcf7-email wpcf7-validates-as-required wpcf7-text wpcf7-validates-as-email fname\" aria-required=\"true\" aria-invalid=\"false\" placeholder=\"Adres e-mail\" value=\"\" type=\"email\" name=\"email-419\" \/><\/span>\n\t\t\t\t<\/p>\n\t\t\t<\/div>\n\t\t<\/div>\n\t\t<div class=\"col-md-6\">\n\t\t\t<div class=\"form-grp\">\n\t\t\t\t<p><span class=\"wpcf7-form-control-wrap\" data-name=\"number-87\"><input class=\"wpcf7-form-control wpcf7-number wpcf7-validates-as-required wpcf7-validates-as-number fname\" aria-required=\"true\" aria-invalid=\"false\" placeholder=\"Numer telefonu\" value=\"\" type=\"number\" name=\"number-87\" \/><\/span>\n\t\t\t\t<\/p>\n\t\t\t<\/div>\n\t\t<\/div>\n\t\t<div class=\"col-md-6\">\n\t\t\t<div class=\"form-grp\">\n\t\t\t\t<p><span class=\"wpcf7-form-control-wrap\" data-name=\"text-482\"><input size=\"40\" maxlength=\"400\" class=\"wpcf7-form-control wpcf7-text wpcf7-validates-as-required fname\" aria-required=\"true\" aria-invalid=\"false\" placeholder=\"Temat wiadomo\u015bci\" value=\"\" type=\"text\" name=\"text-482\" \/><\/span>\n\t\t\t\t<\/p>\n\t\t\t<\/div>\n\t\t<\/div>\n\t<\/div>\n\t<div class=\"form-grp\">\n\t\t<p><span class=\"wpcf7-form-control-wrap\" data-name=\"textarea-22\"><textarea cols=\"40\" rows=\"10\" maxlength=\"2000\" class=\"wpcf7-form-control wpcf7-textarea wpcf7-validates-as-required ftext\" aria-required=\"true\" aria-invalid=\"false\" placeholder=\"Napisz wiadomo\u015b\u0107...\" name=\"textarea-22\"><\/textarea><\/span>\n\t\t<\/p>\n\t<\/div>\n\t<p><button type=\"submit\" class=\"btn\">Wy\u015blij wiadomo\u015b\u0107<\/button>\n\t<\/p>\n<\/div><div class=\"wpcf7-response-output\" aria-hidden=\"true\"><\/div>\n<\/form>\n<\/div>\n<\/div>\n\t\t\t\t\t\t<\/div>\n\t\t\t\t<\/div>\n\t\t\t\t<\/div>\n\t\t\t\t\t<\/div>\n\t\t\t\t<\/div>\n\t\t\t\t<\/div>\n\t\t","protected":false},"excerpt":{"rendered":"<p>Telefon 32 230 94 16 Email biuro@wikotech.pl Adres u. Daszy\u0144skiego 630, 44-151 Gliwice, Polska<\/p>\n","protected":false},"author":3,"featured_media":0,"parent":0,"menu_order":0,"comment_status":"closed","ping_status":"closed","template":"","meta":{"_monsterinsights_skip_tracking":false,"_monsterinsights_sitenote_active":false,"_monsterinsights_sitenote_note":"","_monsterinsights_sitenote_category":0,"footnotes":""},"class_list":["post-513","page","type-page","status-publish","hentry"],"aioseo_notices":[],"_links":{"self":[{"href":"https:\/\/www.wikotech.pl\/index.php?rest_route=\/wp\/v2\/pages\/513","targetHints":{"allow":["GET"]}}],"collection":[{"href":"https:\/\/www.wikotech.pl\/index.php?rest_route=\/wp\/v2\/pages"}],"about":[{"href":"https:\/\/www.wikotech.pl\/index.php?rest_route=\/wp\/v2\/types\/page"}],"author":[{"embeddable":true,"href":"https:\/\/www.wikotech.pl\/index.php?rest_route=\/wp\/v2\/users\/3"}],"replies":[{"embeddable":true,"href":"https:\/\/www.wikotech.pl\/index.php?rest_route=%2Fwp%2Fv2%2Fcomments&post=513"}],"version-history":[{"count":8,"href":"https:\/\/www.wikotech.pl\/index.php?rest_route=\/wp\/v2\/pages\/513\/revisions"}],"predecessor-version":[{"id":1188,"href":"https:\/\/www.wikotech.pl\/index.php?rest_route=\/wp\/v2\/pages\/513\/revisions\/1188"}],"wp:attachment":[{"href":"https:\/\/www.wikotech.pl\/index.php?rest_route=%2Fwp%2Fv2%2Fmedia&parent=513"}],"curies":[{"name":"wp","href":"https:\/\/api.w.org\/{rel}","templated":true}]}}