{"id":349,"date":"2023-09-22T15:00:55","date_gmt":"2023-09-22T15:00:55","guid":{"rendered":"https:\/\/themedox.com\/mactonal\/?page_id=349"},"modified":"2024-06-01T14:51:12","modified_gmt":"2024-06-01T12:51:12","slug":"project-style-one","status":"publish","type":"page","link":"https:\/\/www.wikotech.pl\/?page_id=349","title":{"rendered":"Monta\u017c"},"content":{"rendered":"\t\t<div data-elementor-type=\"wp-page\" data-elementor-id=\"349\" class=\"elementor elementor-349\">\n\t\t\t\t<div class=\"elementor-element elementor-element-db734c7 e-flex e-con-boxed e-con e-parent\" data-id=\"db734c7\" data-element_type=\"container\">\n\t\t\t\t\t<div class=\"e-con-inner\">\n\t\t\t\t<div class=\"elementor-element elementor-element-2e8ad2e elementor-widget elementor-widget-text-editor\" data-id=\"2e8ad2e\" data-element_type=\"widget\" data-widget_type=\"text-editor.default\">\n\t\t\t\t<div class=\"elementor-widget-container\">\n\t\t\t\t\t\t\t\t\t<p><strong><em>Nasza firma posiada wieloletnie do\u015bwiadczenie w kompleksowym projektowaniu i budowie kot\u0142owni przeznaczonych do ogrzewania obiekt\u00f3w u\u017cytkowych r\u00f3\u017cnego przeznaczenia. Nasze us\u0142ugi obejmuj\u0105 ca\u0142y proces, pocz\u0105wszy od koncepcji projektu, monta\u017c urz\u0105dze\u0144, a\u017c po uruchomienie i p\u00f3\u017aniejsz\u0105 opiek\u0119 serwisow\u0105.<\/em><\/strong><\/p>\t\t\t\t\t\t\t\t<\/div>\n\t\t\t\t<\/div>\n\t\t\t\t<div class=\"elementor-element elementor-element-1f5d0d7 elementor-widget elementor-widget-theme-faq-two\" data-id=\"1f5d0d7\" data-element_type=\"widget\" data-widget_type=\"theme-faq-two.default\">\n\t\t\t\t<div class=\"elementor-widget-container\">\n\t\t\t\t\t\r\n\r\n            <!-- faq-area -->\r\n            <div class=\"faq-area-two pt-120 pb-120\">\r\n                <div class=\"container\">\r\n                    <div class=\"row\">\r\n                        <div class=\"col-lg-4\">\r\n                            <div class=\"faq-img-two\">\r\n                                <img decoding=\"async\" src=\"https:\/\/www.wikotech.pl\/wp-content\/uploads\/2024\/06\/kociol_viessmann.jpg\" alt=\"\">\r\n                            <\/div>\r\n                        <\/div>\r\n                        <div class=\"col-lg-8\">\r\n                            <div class=\"faq-wrap faq-wrap-two\">\r\n                                <div class=\"accordion\" id=\"accordionExample\">\r\n\r\n\r\n\r\n                                    \r\n                                    \r\n                                    <div class=\"accordion-item\">\r\n                                        <h2 class=\"accordion-header\">\r\n                                            <button class=\"accordion-button collapsed\" type=\"button\" data-bs-toggle=\"collapse\" data-bs-target=\"#collapseTwotoggle-item-5\" aria-expanded=\"false\" aria-controls=\"collapseTwo\">\r\n                                                Obiekty u\u017cytkowe                                            <\/button>\r\n                                        <\/h2>\r\n                                        <div id=\"collapseTwotoggle-item-5\" class=\"accordion-collapse collapse\" data-bs-parent=\"#accordionExample\">\r\n                                            <div class=\"accordion-body\">\r\n                                                <p>Zakres naszych dzia\u0142a\u0144 w zakresie kot\u0142owni obejmuje:<br>\n<b>Projektowanie:<\/b> Tworzymy indywidualne projekty kot\u0142owni, dostosowane do specyfikacji danego obiektu. Nasze rozwi\u0105zania uwzgl\u0119dniaj\u0105 efektywno\u015b\u0107 energetyczn\u0105, bezpiecze\u0144stwo oraz optymalne wykorzystanie dost\u0119pnej przestrzeni.<br>\n<b>Budowa:<\/b> Realizujemy kompleksowe prace budowlane zwi\u0105zane z monta\u017cem kot\u0142owni. Nasza ekipa sk\u0142ada si\u0119 z wykwalifikowanych specjalist\u00f3w, kt\u00f3rzy dbaj\u0105 o najwy\u017csz\u0105 jako\u015b\u0107 wykonania.<br>\n<b>Uruchomienie:<\/b> Po zako\u0144czeniu budowy przeprowadzamy precyzyjn\u0105 regulacj\u0119 parametr\u00f3w urz\u0105dze\u0144, aby zapewni\u0107 ich optymaln\u0105 wydajno\u015b\u0107. <br>\n<b>Serwis:<\/b> Oferujemy sta\u0142\u0105 opiek\u0119 serwisow\u0105, aby zapewni\u0107 niezawodno\u015b\u0107 i efektywno\u015b\u0107 dzia\u0142ania kot\u0142owni. Regularne przegl\u0105dy i konserwacja s\u0105 kluczowe dla utrzymania optymalnej wydajno\u015bci.\nNasze us\u0142ugi s\u0105 dost\u0119pne dla r\u00f3\u017cnych typ\u00f3w obiekt\u00f3w, w tym:\nObiekty handlowe,\nBudynki wielkopowierzchniowe\nWsp\u00f3lnoty mieszkaniowe \nHotele i pensjonaty <br>\nJe\u015bli potrzebujesz profesjonalnej pomocy w zakresie kot\u0142owni, skontaktuj si\u0119 z nami. Jeste\u015bmy gotowi pom\u00f3c w ka\u017cdym etapie realizacji tego wa\u017cnego elementu infrastruktury.<\/p>\r\n                                            <\/div>\r\n                                        <\/div>\r\n                                    <\/div>\r\n\r\n                                    \r\n                                    \r\n                                    <div class=\"accordion-item\">\r\n                                        <h2 class=\"accordion-header\">\r\n                                            <button class=\"accordion-button collapsed\" type=\"button\" data-bs-toggle=\"collapse\" data-bs-target=\"#collapseTwotoggle-item-68\" aria-expanded=\"false\" aria-controls=\"collapseTwo\">\r\n                                                Obiekty przemys\u0142owe                                            <\/button>\r\n                                        <\/h2>\r\n                                        <div id=\"collapseTwotoggle-item-68\" class=\"accordion-collapse collapse\" data-bs-parent=\"#accordionExample\">\r\n                                            <div class=\"accordion-body\">\r\n                                                <p>Jeste\u015bmy sprawdzonym wykonawc\u0105, dostawc\u0105 i gwarantem w dziedzinie budowy kot\u0142owni przemys\u0142owych. Nasza oferta obejmuje kot\u0142ownie wodne i parowe, a tak\u017ce kot\u0142ownie kontenerowe. <br>\n<b>Kot\u0142ownie wodne i parowe<\/b>:\nBudujemy nowoczesne, profesjonalne i kompleksowo wyposa\u017cone \u017ar\u00f3d\u0142a ciep\u0142a. <br>\nOferujemy prace projektowe, dostaw\u0119, monta\u017c i rozruch kot\u0142\u00f3w parowych o r\u00f3\u017cnej wydajno\u015bci.  <br>\nStaramy si\u0119 skr\u00f3ci\u0107 czas projektowania i monta\u017cu, dostarczaj\u0105c kot\u0142y w stanie kompletnym. <br>\nNasze kot\u0142y s\u0105 zaawansowane technicznie, ekonomiczne i przyjazne dla \u015brodowiska naturalnego. <br>\n<b>Kot\u0142ownie kontenerowe:<\/b>\nBudujemy kompletne kot\u0142ownie zasilane olejem opa\u0142owym lub gazem.\nNasza oferta obejmuje ca\u0142y proces inwestycyjny, od koncepcji ekonomiczno-technicznej po przekazanie obiektu do eksploatacji. <br>\nZapewniamy profesjonalny serwis gwarancyjny i pogwarancyjny. \nNasze rozwi\u0105zania projektowe opieraj\u0105 si\u0119 na nowoczesnych technologiach, co gwarantuje doskona\u0142\u0105 jako\u015b\u0107 i niezawodno\u015b\u0107. <br>\nSerdecznie zapraszamy do kontaktu i wsp\u00f3\u0142pracy!<\/p>\r\n                                            <\/div>\r\n                                        <\/div>\r\n                                    <\/div>\r\n\r\n                                    \r\n                                    \r\n                                    <div class=\"accordion-item\">\r\n                                        <h2 class=\"accordion-header\">\r\n                                            <button class=\"accordion-button collapsed\" type=\"button\" data-bs-toggle=\"collapse\" data-bs-target=\"#collapseTwotoggle-item-55\" aria-expanded=\"false\" aria-controls=\"collapseTwo\">\r\n                                                Kot\u0142ownie kontenerowe                                            <\/button>\r\n                                        <\/h2>\r\n                                        <div id=\"collapseTwotoggle-item-55\" class=\"accordion-collapse collapse\" data-bs-parent=\"#accordionExample\">\r\n                                            <div class=\"accordion-body\">\r\n                                                <p>Budowane przez Wikotech, s\u0105 zaprojektowane i wykonane zgodnie z unikalnymi wymaganiami klienta. Nasza firma posiada wieloletnie do\u015bwiadczenie w budowie kot\u0142owni kontenerowych w oparciu o kot\u0142y wodne i parowe r\u00f3\u017cnych mocy i wydajno\u015bci. <br>\nKonstrukcja kot\u0142owni jest wykonana z profili stalowych, kt\u00f3re s\u0105 dobrane odpowiednio do ci\u0119\u017caru i wymiar\u00f3w kot\u0142a oraz osprz\u0119tu kot\u0142owni. \u015aciany s\u0105 wykonane z p\u0142yt warstwowych wype\u0142nionych we\u0142n\u0105 mineraln\u0105, kt\u00f3re zapewniaj\u0105 izolacj\u0119 termiczn\u0105, akustyczn\u0105 oraz spe\u0142niaj\u0105 niezb\u0119dne wymogi przeciwpo\u017carowe. <br>\nNadz\u00f3r nad wykonaniem kot\u0142owni sprawuj\u0105 osoby posiadaj\u0105ce odpowiednie kwalifikacje w danej specjalno\u015bci tj. uprawnienia budowlane, konstrukcyjno \u2013 budowlane, elektryczne i sanitarne oraz uprawnienia energetyczne w zakresie instalacji gazowych i kot\u0142\u00f3w. <br>\nZapewniamy pod\u0142\u0105czenie kot\u0142owni kontenerowej do istniej\u0105cej instalacji zak\u0142adu. Przygotowujemy wymagan\u0105 dokumentacj\u0119 dla UDT, dokonujemy uruchomienia kot\u0142owni oraz asystujemy przy odbiorze UDT.<\/p>\r\n                                            <\/div>\r\n                                        <\/div>\r\n                                    <\/div>\r\n\r\n                                     \r\n\r\n\r\n\r\n                                <\/div>\r\n                            <\/div>\r\n                        <\/div>\r\n                    <\/div>\r\n                <\/div>\r\n            <\/div>\r\n            <!-- faq-area-end -->\r\n\r\n\r\n\r\n\r\n\r\n\r\n\t\t\t\t\t<\/div>\n\t\t\t\t<\/div>\n\t\t\t\t\t<\/div>\n\t\t\t\t<\/div>\n\t\t\t\t<\/div>\n\t\t","protected":false},"excerpt":{"rendered":"<p>Nasza firma posiada wieloletnie do\u015bwiadczenie w kompleksowym projektowaniu i budowie kot\u0142owni przeznaczonych do ogrzewania obiekt\u00f3w u\u017cytkowych r\u00f3\u017cnego przeznaczenia. Nasze us\u0142ugi obejmuj\u0105 ca\u0142y proces, pocz\u0105wszy od koncepcji projektu, monta\u017c urz\u0105dze\u0144, a\u017c po uruchomienie i p\u00f3\u017aniejsz\u0105 opiek\u0119 serwisow\u0105. Obiekty u\u017cytkowe Zakres naszych dzia\u0142a\u0144 w zakresie kot\u0142owni obejmuje: Projektowanie: Tworzymy indywidualne projekty kot\u0142owni, dostosowane do specyfikacji danego obiektu. [&hellip;]<\/p>\n","protected":false},"author":3,"featured_media":0,"parent":0,"menu_order":0,"comment_status":"closed","ping_status":"closed","template":"","meta":{"_monsterinsights_skip_tracking":false,"_monsterinsights_sitenote_active":false,"_monsterinsights_sitenote_note":"","_monsterinsights_sitenote_category":0,"footnotes":""},"class_list":["post-349","page","type-page","status-publish","hentry"],"aioseo_notices":[],"_links":{"self":[{"href":"https:\/\/www.wikotech.pl\/index.php?rest_route=\/wp\/v2\/pages\/349","targetHints":{"allow":["GET"]}}],"collection":[{"href":"https:\/\/www.wikotech.pl\/index.php?rest_route=\/wp\/v2\/pages"}],"about":[{"href":"https:\/\/www.wikotech.pl\/index.php?rest_route=\/wp\/v2\/types\/page"}],"author":[{"embeddable":true,"href":"https:\/\/www.wikotech.pl\/index.php?rest_route=\/wp\/v2\/users\/3"}],"replies":[{"embeddable":true,"href":"https:\/\/www.wikotech.pl\/index.php?rest_route=%2Fwp%2Fv2%2Fcomments&post=349"}],"version-history":[{"count":23,"href":"https:\/\/www.wikotech.pl\/index.php?rest_route=\/wp\/v2\/pages\/349\/revisions"}],"predecessor-version":[{"id":1277,"href":"https:\/\/www.wikotech.pl\/index.php?rest_route=\/wp\/v2\/pages\/349\/revisions\/1277"}],"wp:attachment":[{"href":"https:\/\/www.wikotech.pl\/index.php?rest_route=%2Fwp%2Fv2%2Fmedia&parent=349"}],"curies":[{"name":"wp","href":"https:\/\/api.w.org\/{rel}","templated":true}]}}